{"id":197,"date":"2021-08-26T10:37:14","date_gmt":"2021-08-26T08:37:14","guid":{"rendered":"https:\/\/agib.www7-staging-ssl.hgcloud.de\/?page_id=197"},"modified":"2021-10-11T13:55:51","modified_gmt":"2021-10-11T11:55:51","slug":"startseite","status":"publish","type":"page","link":"https:\/\/agib.www7-staging-ssl.hgcloud.de\/","title":{"rendered":"DIE AGIB"},"content":{"rendered":"\n<div class=\"wp-block-cover alignfull has-background-dim-60 has-neve-link-color-background-color has-background-dim is-repeated\" style=\"background-image:url(https:\/\/agib.www7-staging-ssl.hgcloud.de\/wp-content\/uploads\/2021\/10\/scott-graham-5fNmWej4tAA-unsplash-scaled.jpg);min-height:630px;aspect-ratio:unset;\"><div class=\"wp-block-cover__inner-container is-layout-flow wp-block-cover-is-layout-flow\">\n<div style=\"height:80px\" aria-hidden=\"true\" class=\"wp-block-spacer\"><\/div>\n\n\n\n<h1 class=\"has-text-align-center has-nv-site-bg-color has-text-color wp-block-heading\">Arbeitsgruppe Identifikation <br>nach Bildern<\/h1>\n\n\n\n<div style=\"height:80px\" aria-hidden=\"true\" class=\"wp-block-spacer\"><\/div>\n<\/div><\/div>\n\n\n\n<div class=\"wp-block-cover alignfull has-nv-text-dark-bg-background-color has-background-dim\" style=\"min-height:1274px;aspect-ratio:unset;\"><div class=\"wp-block-cover__inner-container is-layout-flow wp-block-cover-is-layout-flow\">\n<div class=\"wp-block-group\"><div class=\"wp-block-group__inner-container is-layout-flow wp-block-group-is-layout-flow\">\n<h2 class=\"animated fadeInDown has-neve-link-hover-color-color has-text-color wp-block-heading\" style=\"line-height:1.4\"><strong>\u00dcber uns <\/strong><\/h2>\n\n\n\n<div class=\"wp-block-columns is-layout-flex wp-container-core-columns-is-layout-9d6595d7 wp-block-columns-is-layout-flex\">\n<div class=\"wp-block-column is-layout-flow wp-block-column-is-layout-flow\">\n<p class=\"has-neve-link-color-color has-text-color\" style=\"font-size:18px\"><meta charset=\"utf-8\">Der Einsatz von Kameras zur \u00dcberwachung und Dokumentation von \u00f6ffentlichen Vorg\u00e4ngen hat in den letzen Jahren kontinuierlich zugenommen. Handelt es sich bei diesen Vorg\u00e4ngen um Straftaten (wie z.B. Bank\u00fcberf\u00e4lle) oder Ordnungswidrigkeiten (wie z.B. Geschwindigkeits\u00fcbertretungen), so besteht im Rahmen der gerichtlichen Bearbeitung der Bedarf nach einer sachgerechten Kl\u00e4rung, ob Bilder eines T\u00e4ters auch tats\u00e4chlich den Tatverd\u00e4chtigen zeigen. Generell kann aber in jedem Fall, in dem ein Bilddokument einer Person vorliegt, die Frage nach der Identit\u00e4t gestellt werden. Personen der Zeitgeschichte kommen damit ebenfalls f\u00fcr eine Identit\u00e4tspr\u00fcfung in Betracht.<\/p>\n<\/div>\n\n\n\n<div class=\"wp-block-column is-layout-flow wp-block-column-is-layout-flow\">\n<p class=\"has-neve-link-color-color has-text-color\" style=\"font-size:18px\"><meta charset=\"utf-8\">Von der \u201eArbeitsgruppe f\u00fcr anthropologische Identifikation lebender Personen auf Grund von Bilddokumenten\u201c wurden Anfang 1999 Standards f\u00fcr die Begutachtung solcher F\u00e4lle erarbeitet. Diese sind in mehreren Fachzeitschriften ver\u00f6ffentlicht worden (Anthrop Anz 57\/2, 185-191; Dt Autorecht 4\/99, 188-189; Kriminalistik 4\/99, 246-248; Neue Z Strafrecht 1999\/5, 230-232; Rechtsmedizin (1999) 9, 152-154).<\/p>\n\n\n\n<p class=\"has-neve-link-color-color has-text-color\">Im Rahmen der Weiterentwicklung und Vereinheitlichung der Methode ist diese Internetseite entstanden.<\/p>\n<\/div>\n<\/div>\n\n\n\n<p><\/p>\n<\/div><\/div>\n\n\n\n<div class=\"wp-block-columns is-layout-flex wp-container-core-columns-is-layout-9d6595d7 wp-block-columns-is-layout-flex\">\n<div class=\"wp-block-column is-layout-flow wp-block-column-is-layout-flow\">\n<figure class=\"wp-block-image size-full is-resized is-style-rounded animated fadeInUp\"><img loading=\"lazy\" decoding=\"async\" src=\"https:\/\/agib.www7-staging-ssl.hgcloud.de\/wp-content\/uploads\/2021\/08\/Bildschirmfoto-2021-08-26-um-11.54.31.png\" alt=\"\" class=\"wp-image-282\" width=\"521\" height=\"425\" srcset=\"https:\/\/agib.www7-staging-ssl.hgcloud.de\/wp-content\/uploads\/2021\/08\/Bildschirmfoto-2021-08-26-um-11.54.31.png 920w, https:\/\/agib.www7-staging-ssl.hgcloud.de\/wp-content\/uploads\/2021\/08\/Bildschirmfoto-2021-08-26-um-11.54.31-300x245.png 300w, https:\/\/agib.www7-staging-ssl.hgcloud.de\/wp-content\/uploads\/2021\/08\/Bildschirmfoto-2021-08-26-um-11.54.31-768x626.png 768w\" sizes=\"auto, (max-width: 521px) 100vw, 521px\" \/><\/figure>\n<\/div>\n\n\n\n<div class=\"wp-block-column is-layout-flow wp-block-column-is-layout-flow\">\n<h2 class=\"animated fadeInDown has-neve-link-hover-color-color has-text-color wp-block-heading\">Das Emblem<\/h2>\n\n\n\n<p class=\"has-neve-link-color-color has-text-color\">Das Emblem der AGIB besteht aus einem Auge, in dem sich eine Person widerspiegelt. Es verkn\u00fcpft damit das Werkzeug eines jeden Gutachters \u2013 das Auge \u2013 mit dem Individuum als Gegenstand seiner Analysen. Die darum angeordneten W\u00f6rter stehen zum einen f\u00fcr Abk\u00fcrzung der Arbeitsgruppe \u201eAGIB\u201c (Arbeitsgruppe Identifikation nach Bildern). Des Weiteren werden verschiedene lateinische Partizipien genannt. Diese Verbaladjektive betonen die Prinzipien, das Vorgehen und die Arbeitsweise der AGIB und sind durch den Lehrbuchbeitrag von Rainer Knussmann inspiriert:<\/p>\n\n\n\n<ul class=\"has-neve-link-color-color has-text-color wp-block-list\"><li>sorgf\u00e4ltig (lat. diligens)<\/li><li>differenziert (lat. differens)<\/li><li>detailliert (lat. colligens)<\/li><\/ul>\n\n\n\n<p><\/p>\n<\/div>\n<\/div>\n\n\n\n<p><\/p>\n<\/div><\/div>\n\n\n\n<div class=\"wp-block-cover alignfull has-background-dim-70 has-nv-site-bg-background-color has-background-dim\" style=\"min-height:50px;aspect-ratio:unset;\"><img loading=\"lazy\" decoding=\"async\" width=\"2560\" height=\"1703\" class=\"wp-block-cover__image-background wp-image-299\" alt=\"\" src=\"https:\/\/agib.www7-staging-ssl.hgcloud.de\/wp-content\/uploads\/2021\/08\/glenn-carstens-peters-npxXWgQ33ZQ-unsplash-scaled.jpg\" style=\"object-position:50% 14%\" data-object-fit=\"cover\" data-object-position=\"50% 14%\" srcset=\"https:\/\/agib.www7-staging-ssl.hgcloud.de\/wp-content\/uploads\/2021\/08\/glenn-carstens-peters-npxXWgQ33ZQ-unsplash-scaled.jpg 2560w, https:\/\/agib.www7-staging-ssl.hgcloud.de\/wp-content\/uploads\/2021\/08\/glenn-carstens-peters-npxXWgQ33ZQ-unsplash-300x200.jpg 300w, https:\/\/agib.www7-staging-ssl.hgcloud.de\/wp-content\/uploads\/2021\/08\/glenn-carstens-peters-npxXWgQ33ZQ-unsplash-1024x681.jpg 1024w, https:\/\/agib.www7-staging-ssl.hgcloud.de\/wp-content\/uploads\/2021\/08\/glenn-carstens-peters-npxXWgQ33ZQ-unsplash-768x511.jpg 768w, https:\/\/agib.www7-staging-ssl.hgcloud.de\/wp-content\/uploads\/2021\/08\/glenn-carstens-peters-npxXWgQ33ZQ-unsplash-1536x1022.jpg 1536w, https:\/\/agib.www7-staging-ssl.hgcloud.de\/wp-content\/uploads\/2021\/08\/glenn-carstens-peters-npxXWgQ33ZQ-unsplash-2048x1363.jpg 2048w, https:\/\/agib.www7-staging-ssl.hgcloud.de\/wp-content\/uploads\/2021\/08\/glenn-carstens-peters-npxXWgQ33ZQ-unsplash-930x620.jpg 930w\" sizes=\"auto, (max-width: 2560px) 100vw, 2560px\" \/><div class=\"wp-block-cover__inner-container is-layout-flow wp-block-cover-is-layout-flow\">\n<div style=\"height:50px\" aria-hidden=\"true\" class=\"wp-block-spacer\"><\/div>\n\n\n\n<h2 class=\"has-text-align-center animated fadeIn has-neve-link-hover-color-color has-text-color wp-block-heading\">Tagungen<\/h2>\n\n\n\n<div class=\"wp-block-columns is-layout-flex wp-container-core-columns-is-layout-9d6595d7 wp-block-columns-is-layout-flex\">\n<div class=\"wp-block-column is-layout-flow wp-block-column-is-layout-flow\">\n<p class=\"animated fadeIn has-neve-link-color-color has-text-color\">Eine wichtige Einrichtung einer Gruppe von forensischen Experten ist der Erfahrungsaustausch, die Abstimmung von Methoden und Strategien und die F\u00f6rderung von Nachwuchs. Bei der AGIB geschieht dies auf Tagungen, die j\u00e4hrlich an wechselnden Orten stattfinden.<\/p>\n\n\n\n<p class=\"animated fadeIn has-neve-link-color-color has-text-color\">Die AGIB und ihre Mitglieder nehmen auch an nationalen und internationalen Tagungen teil, um neue Arbeiten zu pr\u00e4sentieren, Erfahrungen zu verbreiten und das Wissen \u00fcber neue Methoden der Forensik zu vertiefen. <\/p>\n<\/div>\n\n\n\n<div class=\"wp-block-column is-layout-flow wp-block-column-is-layout-flow\">\n<p class=\"animated fadeIn has-neve-link-color-color has-text-color\">2001 Mainz, Ausrichter Fw R\u00f6sing<br>2002 Mainz, Ausrichter C Witzel<br>2003 Ulm, Ausrichter Fw R\u00f6sing und J Buck<br>2004 D\u00fcsseldorf, Ausrichter P Gabriel<br>2005 Hildesheim, Ausrichter C Witzel und K Kreutz<br>2007 M\u00fcnchen, Ausrichter&nbsp;S Holley&nbsp;und&nbsp;M Sch\u00f6npflug<br>2008 Homburg, Ausrichter&nbsp;D Bellmann<br>2009 Berlin, Ausrichter Bj Hirthammer<br>2010 Gie\u00dfen, Ausrichter K Kreutz<br>2011 Z\u00fcrich, Ausrichter C Erne und J Buck<br>2012 Hamburg, Ausrichter S Ohlrogge<br>2013 Potsdam, Ausrichter G Sch\u00fcler und A Voigt<br>2014&nbsp;M\u00fcnchen, Ausrichter S Holley und M Sch\u00f6npflug<br>2015 Z\u00fcrich, Ausrichter G Sch\u00fcler und C Erne<br>2016 Geislingen, Ausrichter A Diekmann und J Buck<br>2017 Saarbr\u00fccken,&nbsp;Ausrichter&nbsp;D Bellmann<br>2018 M\u00fcnchen, Ausrichter J Buck und A Diekmann<br>2019 D\u00fcsseldorf, Ausrichter W Huckenbeck<\/p>\n<\/div>\n<\/div>\n\n\n\n<div class=\"wp-block-buttons is-content-justification-center is-layout-flex wp-block-buttons-is-layout-flex\"><\/div>\n\n\n\n<div style=\"height:20px\" aria-hidden=\"true\" class=\"wp-block-spacer\"><\/div>\n\n\n\n<p><\/p>\n<\/div><\/div>\n\n\n\n<div style=\"height:100px\" aria-hidden=\"true\" class=\"wp-block-spacer\"><\/div>\n\n\n\n<h2 class=\"has-text-align-center has-neve-link-hover-color-color has-text-color wp-block-heading\">Dienstleistungen<\/h2>\n\n\n\n<h3 class=\"has-text-align-center has-neve-link-hover-color-color has-text-color wp-block-heading\">Fallgruppen<\/h3>\n\n\n\n<div style=\"height:30px\" aria-hidden=\"true\" class=\"wp-block-spacer\"><\/div>\n\n\n\n<div class=\"wp-block-columns is-layout-flex wp-container-core-columns-is-layout-9d6595d7 wp-block-columns-is-layout-flex\">\n<div class=\"wp-block-column is-layout-flow wp-block-column-is-layout-flow\">\n<div class=\"wp-block-image icon-style is-style-default\"><figure class=\"aligncenter size-full is-resized\"><img loading=\"lazy\" decoding=\"async\" src=\"https:\/\/agib.www7-staging-ssl.hgcloud.de\/wp-content\/uploads\/2021\/08\/photo-camera-vintage.png\" alt=\"\" class=\"wp-image-264\" width=\"50\" height=\"50\" srcset=\"https:\/\/agib.www7-staging-ssl.hgcloud.de\/wp-content\/uploads\/2021\/08\/photo-camera-vintage.png 512w, https:\/\/agib.www7-staging-ssl.hgcloud.de\/wp-content\/uploads\/2021\/08\/photo-camera-vintage-300x300.png 300w, https:\/\/agib.www7-staging-ssl.hgcloud.de\/wp-content\/uploads\/2021\/08\/photo-camera-vintage-150x150.png 150w\" sizes=\"auto, (max-width: 50px) 100vw, 50px\" \/><\/figure><\/div>\n\n\n\n<h4 class=\"has-text-align-center has-neve-text-color-color has-text-color wp-block-heading\">Ordnungswidrigkeiten im Stra\u00dfenverkehr (Radarfotos)<\/h4>\n<\/div>\n\n\n\n<div class=\"wp-block-column animated fadeIn is-layout-flow wp-block-column-is-layout-flow\">\n<div class=\"wp-block-image icon-style is-style-default\"><figure class=\"aligncenter size-full is-resized\"><img loading=\"lazy\" decoding=\"async\" src=\"https:\/\/agib.www7-staging-ssl.hgcloud.de\/wp-content\/uploads\/2021\/08\/car.png\" alt=\"\" class=\"wp-image-265\" width=\"50\" height=\"50\" srcset=\"https:\/\/agib.www7-staging-ssl.hgcloud.de\/wp-content\/uploads\/2021\/08\/car.png 512w, https:\/\/agib.www7-staging-ssl.hgcloud.de\/wp-content\/uploads\/2021\/08\/car-300x300.png 300w, https:\/\/agib.www7-staging-ssl.hgcloud.de\/wp-content\/uploads\/2021\/08\/car-150x150.png 150w\" sizes=\"auto, (max-width: 50px) 100vw, 50px\" \/><\/figure><\/div>\n\n\n\n<h4 class=\"has-text-align-center has-neve-text-color-color has-text-color wp-block-heading\">Straftaten im <br>Stra\u00dfenverkehr<\/h4>\n<\/div>\n\n\n\n<div class=\"wp-block-column animated fadeIn is-layout-flow wp-block-column-is-layout-flow\">\n<div class=\"wp-block-image icon-style is-style-default\"><figure class=\"aligncenter size-full is-resized\"><img loading=\"lazy\" decoding=\"async\" src=\"https:\/\/agib.www7-staging-ssl.hgcloud.de\/wp-content\/uploads\/2021\/08\/museum.png\" alt=\"\" class=\"wp-image-266\" width=\"50\" height=\"50\" srcset=\"https:\/\/agib.www7-staging-ssl.hgcloud.de\/wp-content\/uploads\/2021\/08\/museum.png 512w, https:\/\/agib.www7-staging-ssl.hgcloud.de\/wp-content\/uploads\/2021\/08\/museum-300x300.png 300w, https:\/\/agib.www7-staging-ssl.hgcloud.de\/wp-content\/uploads\/2021\/08\/museum-150x150.png 150w\" sizes=\"auto, (max-width: 50px) 100vw, 50px\" \/><\/figure><\/div>\n\n\n\n<h4 class=\"has-text-align-center has-neve-text-color-color has-text-color wp-block-heading\">r\u00e4uberischen Erpressung (besonders von Bargeld in einer Bank)<\/h4>\n<\/div>\n\n\n\n<div class=\"wp-block-column animated fadeIn is-layout-flow wp-block-column-is-layout-flow\">\n<div class=\"wp-block-image\"><figure class=\"aligncenter size-full is-resized\"><img loading=\"lazy\" decoding=\"async\" src=\"https:\/\/agib.www7-staging-ssl.hgcloud.de\/wp-content\/uploads\/2021\/08\/thief-1.png\" alt=\"\" class=\"wp-image-271\" width=\"50\" height=\"50\" srcset=\"https:\/\/agib.www7-staging-ssl.hgcloud.de\/wp-content\/uploads\/2021\/08\/thief-1.png 512w, https:\/\/agib.www7-staging-ssl.hgcloud.de\/wp-content\/uploads\/2021\/08\/thief-1-300x300.png 300w, https:\/\/agib.www7-staging-ssl.hgcloud.de\/wp-content\/uploads\/2021\/08\/thief-1-150x150.png 150w\" sizes=\"auto, (max-width: 50px) 100vw, 50px\" \/><\/figure><\/div>\n\n\n\n<h4 class=\"has-text-align-center has-neve-text-color-color has-text-color wp-block-heading\"><meta charset=\"utf-8\">Betrug, Diebstahl, <br>Einbruch, Raub usw.<\/h4>\n<\/div>\n<\/div>\n\n\n\n<div class=\"wp-block-columns is-layout-flex wp-container-core-columns-is-layout-9d6595d7 wp-block-columns-is-layout-flex\">\n<div class=\"wp-block-column animated fadeIn is-layout-flow wp-block-column-is-layout-flow\">\n<div class=\"wp-block-image icon-style is-style-default\"><figure class=\"aligncenter size-full is-resized\"><img loading=\"lazy\" decoding=\"async\" src=\"https:\/\/agib.www7-staging-ssl.hgcloud.de\/wp-content\/uploads\/2021\/08\/id.png\" alt=\"\" class=\"wp-image-268\" width=\"51\" height=\"51\" srcset=\"https:\/\/agib.www7-staging-ssl.hgcloud.de\/wp-content\/uploads\/2021\/08\/id.png 512w, https:\/\/agib.www7-staging-ssl.hgcloud.de\/wp-content\/uploads\/2021\/08\/id-300x300.png 300w, https:\/\/agib.www7-staging-ssl.hgcloud.de\/wp-content\/uploads\/2021\/08\/id-150x150.png 150w\" sizes=\"auto, (max-width: 51px) 100vw, 51px\" \/><\/figure><\/div>\n\n\n\n<h4 class=\"has-text-align-center has-neve-text-color-color has-text-color wp-block-heading\">F\u00e4lschung<br>(von Personalpapieren)<\/h4>\n\n\n\n<div style=\"height:20px\" aria-hidden=\"true\" class=\"wp-block-spacer\"><\/div>\n<\/div>\n\n\n\n<div class=\"wp-block-column animated fadeIn is-layout-flow wp-block-column-is-layout-flow\">\n<div class=\"wp-block-image icon-style is-style-default\"><figure class=\"aligncenter size-full is-resized\"><img loading=\"lazy\" decoding=\"async\" src=\"https:\/\/agib.www7-staging-ssl.hgcloud.de\/wp-content\/uploads\/2021\/08\/verified.png\" alt=\"\" class=\"wp-image-269\" width=\"50\" height=\"50\" srcset=\"https:\/\/agib.www7-staging-ssl.hgcloud.de\/wp-content\/uploads\/2021\/08\/verified.png 512w, https:\/\/agib.www7-staging-ssl.hgcloud.de\/wp-content\/uploads\/2021\/08\/verified-300x300.png 300w, https:\/\/agib.www7-staging-ssl.hgcloud.de\/wp-content\/uploads\/2021\/08\/verified-150x150.png 150w\" sizes=\"auto, (max-width: 50px) 100vw, 50px\" \/><\/figure><\/div>\n\n\n\n<h4 class=\"has-text-align-center has-neve-text-color-color has-text-color wp-block-heading\">Identit\u00e4tspr\u00fcfung von historischen Personen und deren Begleiter<\/h4>\n\n\n\n<div style=\"height:20px\" aria-hidden=\"true\" class=\"wp-block-spacer\"><\/div>\n<\/div>\n\n\n\n<div class=\"wp-block-column animated fadeIn is-layout-flow wp-block-column-is-layout-flow\">\n<div class=\"wp-block-image icon-style is-style-default\"><figure class=\"aligncenter size-full is-resized\"><img loading=\"lazy\" decoding=\"async\" src=\"https:\/\/agib.www7-staging-ssl.hgcloud.de\/wp-content\/uploads\/2021\/08\/lupe.png\" alt=\"\" class=\"wp-image-270\" width=\"50\" height=\"50\" srcset=\"https:\/\/agib.www7-staging-ssl.hgcloud.de\/wp-content\/uploads\/2021\/08\/lupe.png 512w, https:\/\/agib.www7-staging-ssl.hgcloud.de\/wp-content\/uploads\/2021\/08\/lupe-300x300.png 300w, https:\/\/agib.www7-staging-ssl.hgcloud.de\/wp-content\/uploads\/2021\/08\/lupe-150x150.png 150w\" sizes=\"auto, (max-width: 50px) 100vw, 50px\" \/><\/figure><\/div>\n\n\n\n<h4 class=\"has-text-align-center has-neve-text-color-color has-text-color wp-block-heading\">\u00dcberpr\u00fcfung der \u00c4hnlichkeit der Physiognomie bei Selbstportraits <br>von Malern<\/h4>\n\n\n\n<div style=\"height:20px\" aria-hidden=\"true\" class=\"wp-block-spacer\"><\/div>\n<\/div>\n<\/div>\n\n\n\n<div style=\"height:40px\" aria-hidden=\"true\" class=\"wp-block-spacer\"><\/div>\n\n\n\n<p><\/p>\n","protected":false},"excerpt":{"rendered":"<p>Dienstleistungen Fallgruppen Ordnungswidrigkeiten im Stra\u00dfenverkehr (Radarfotos) Straftaten im Stra\u00dfenverkehr r\u00e4uberischen Erpressung (besonders von Bargeld in einer Bank) Betrug, Diebstahl, Einbruch, Raub usw. F\u00e4lschung(von Personalpapieren) Identit\u00e4tspr\u00fcfung von historischen Personen und deren Begleiter \u00dcberpr\u00fcfung der \u00c4hnlichkeit der Physiognomie bei Selbstportraits von Malern<\/p>\n","protected":false},"author":1,"featured_media":0,"parent":0,"menu_order":1,"comment_status":"closed","ping_status":"closed","template":"","meta":{"neve_meta_sidebar":"","neve_meta_container":"","neve_meta_enable_content_width":"on","neve_meta_content_width":100,"neve_meta_title_alignment":"","neve_meta_author_avatar":"","neve_post_elements_order":"","neve_meta_disable_header":"","neve_meta_disable_footer":"","neve_meta_disable_title":"on","footnotes":""},"class_list":["post-197","page","type-page","status-publish","hentry"],"_links":{"self":[{"href":"https:\/\/agib.www7-staging-ssl.hgcloud.de\/index.php?rest_route=\/wp\/v2\/pages\/197","targetHints":{"allow":["GET"]}}],"collection":[{"href":"https:\/\/agib.www7-staging-ssl.hgcloud.de\/index.php?rest_route=\/wp\/v2\/pages"}],"about":[{"href":"https:\/\/agib.www7-staging-ssl.hgcloud.de\/index.php?rest_route=\/wp\/v2\/types\/page"}],"author":[{"embeddable":true,"href":"https:\/\/agib.www7-staging-ssl.hgcloud.de\/index.php?rest_route=\/wp\/v2\/users\/1"}],"replies":[{"embeddable":true,"href":"https:\/\/agib.www7-staging-ssl.hgcloud.de\/index.php?rest_route=%2Fwp%2Fv2%2Fcomments&post=197"}],"version-history":[{"count":75,"href":"https:\/\/agib.www7-staging-ssl.hgcloud.de\/index.php?rest_route=\/wp\/v2\/pages\/197\/revisions"}],"predecessor-version":[{"id":680,"href":"https:\/\/agib.www7-staging-ssl.hgcloud.de\/index.php?rest_route=\/wp\/v2\/pages\/197\/revisions\/680"}],"wp:attachment":[{"href":"https:\/\/agib.www7-staging-ssl.hgcloud.de\/index.php?rest_route=%2Fwp%2Fv2%2Fmedia&parent=197"}],"curies":[{"name":"wp","href":"https:\/\/api.w.org\/{rel}","templated":true}]}}