{"id":205,"date":"2021-08-26T10:37:14","date_gmt":"2021-08-26T08:37:14","guid":{"rendered":"https:\/\/agib.www7-staging-ssl.hgcloud.de\/?page_id=205"},"modified":"2021-10-18T10:34:40","modified_gmt":"2021-10-18T08:34:40","slug":"informationen","status":"publish","type":"page","link":"https:\/\/agib.www7-staging-ssl.hgcloud.de\/?page_id=205","title":{"rendered":"Informationen"},"content":{"rendered":"\n<div class=\"wp-block-cover alignfull has-background-dim-60 has-nv-dark-bg-background-color has-background-dim\" style=\"min-height:630px;aspect-ratio:unset;\"><img loading=\"lazy\" decoding=\"async\" width=\"2560\" height=\"1707\" class=\"wp-block-cover__image-background wp-image-250\" alt=\"\" src=\"https:\/\/agib.www7-staging-ssl.hgcloud.de\/wp-content\/uploads\/2021\/08\/markus-winkler-afW1hht0NSs-unsplash-scaled.jpg\" style=\"object-position:50% 50%\" data-object-fit=\"cover\" data-object-position=\"50% 50%\" srcset=\"https:\/\/agib.www7-staging-ssl.hgcloud.de\/wp-content\/uploads\/2021\/08\/markus-winkler-afW1hht0NSs-unsplash-scaled.jpg 2560w, https:\/\/agib.www7-staging-ssl.hgcloud.de\/wp-content\/uploads\/2021\/08\/markus-winkler-afW1hht0NSs-unsplash-300x200.jpg 300w, https:\/\/agib.www7-staging-ssl.hgcloud.de\/wp-content\/uploads\/2021\/08\/markus-winkler-afW1hht0NSs-unsplash-1024x683.jpg 1024w, https:\/\/agib.www7-staging-ssl.hgcloud.de\/wp-content\/uploads\/2021\/08\/markus-winkler-afW1hht0NSs-unsplash-768x512.jpg 768w, https:\/\/agib.www7-staging-ssl.hgcloud.de\/wp-content\/uploads\/2021\/08\/markus-winkler-afW1hht0NSs-unsplash-1536x1024.jpg 1536w, https:\/\/agib.www7-staging-ssl.hgcloud.de\/wp-content\/uploads\/2021\/08\/markus-winkler-afW1hht0NSs-unsplash-2048x1365.jpg 2048w, https:\/\/agib.www7-staging-ssl.hgcloud.de\/wp-content\/uploads\/2021\/08\/markus-winkler-afW1hht0NSs-unsplash-930x620.jpg 930w\" sizes=\"auto, (max-width: 2560px) 100vw, 2560px\" \/><div class=\"wp-block-cover__inner-container is-layout-flow wp-block-cover-is-layout-flow\">\n<h1 class=\"has-text-align-center animated fadeIn has-white-color has-text-color wp-block-heading\">Weitere Informationen<\/h1>\n\n\n\n<p class=\"has-text-align-center animated fadeIn has-white-color has-text-color\" style=\"font-size:23px\"><meta charset=\"utf-8\">Bei Wunsch der Beauftragung&nbsp;oder etwaigen Fragen zu Gutachten kontaktieren Sie bitte einen Gutachter Ihrer Wahl. Eine Liste von Gutachtern finden Sie auf der Netzseite unter &#8222;Gutachter&#8220;<\/p>\n\n\n\n<div style=\"height:40px\" aria-hidden=\"true\" class=\"wp-block-spacer\"><\/div>\n\n\n\n<div class=\"wp-block-group\"><div class=\"wp-block-group__inner-container is-layout-flow wp-block-group-is-layout-flow\">\n<div class=\"wp-block-buttons is-content-justification-center is-layout-flex wp-block-buttons-is-layout-flex\">\n<div class=\"wp-block-button is-style-secondary\"><a class=\"wp-block-button__link\" href=\"https:\/\/agib.www7-staging-ssl.hgcloud.de\/?page_id=108\">ZU DEN GUTACHTERN<\/a><\/div>\n<\/div>\n<\/div><\/div>\n<\/div><\/div>\n\n\n\n<div class=\"wp-block-cover alignfull has-nv-site-bg-background-color has-background-dim\" style=\"min-height:197px;aspect-ratio:unset;\"><div class=\"wp-block-cover__inner-container is-layout-flow wp-block-cover-is-layout-flow\">\n<h2 class=\"has-text-align-center animated fadeIn has-neve-link-hover-color-color has-text-color wp-block-heading\">Aktuelle Literatur<\/h2>\n\n\n\n<p><\/p>\n<\/div><\/div>\n\n\n\n<div class=\"wp-block-columns is-layout-flex wp-container-core-columns-is-layout-9d6595d7 wp-block-columns-is-layout-flex\">\n<div class=\"wp-block-column is-layout-flow wp-block-column-is-layout-flow\">\n<p><strong>Gabriel P, Huckenbeck W.<\/strong>&nbsp;(2013) Identification of the Living. In: Siegel J, Saucco P (eds) Encyclopedia of Forensic Sciences, 2nd edition; printbook Elsevier<\/p>\n<\/div>\n\n\n\n<div class=\"wp-block-column is-layout-flow wp-block-column-is-layout-flow\">\n<p><strong>Gabriel P., Huckenbeck W., K\u00fcrpiers F.<\/strong>&nbsp;(2014) \u00dcber die Fragw\u00fcrdigkeit der Berechnung einer Identit\u00e4tswahrscheinlichkeit. NZV 8\/14: 337-348<\/p>\n<\/div>\n<\/div>\n\n\n\n<div class=\"wp-block-columns is-layout-flex wp-container-core-columns-is-layout-9d6595d7 wp-block-columns-is-layout-flex\">\n<div class=\"wp-block-column is-layout-flow wp-block-column-is-layout-flow\">\n<p><strong>Huckenbeck W., Krumm C.&nbsp;<\/strong>(2017) T\u00e4teridentifizierung durch Lichtbilder in der Verkehrsrechtlichen Praxis. NZV 10\/2017:453-458<\/p>\n<\/div>\n\n\n\n<div class=\"wp-block-column is-layout-flow wp-block-column-is-layout-flow\">\n<p><strong>Huckenbeck W., Gabriel P.&nbsp;<\/strong>(2012) Fahreridentifizierung anhand von Messfotos. Neue Zeitschrift Verkehrsrecht Heft 5, 201-205<\/p>\n<\/div>\n<\/div>\n\n\n\n<div class=\"wp-block-columns is-layout-flex wp-container-core-columns-is-layout-9d6595d7 wp-block-columns-is-layout-flex\">\n<div class=\"wp-block-column is-layout-flow wp-block-column-is-layout-flow\">\n<p><strong>Huckenbeck W., Gabriel P.&nbsp;<\/strong>(2012) T\u00e4teridentifizierung anhand von Bildmaterial. NJW Heft 23; 14<\/p>\n<\/div>\n\n\n\n<div class=\"wp-block-column is-layout-flow wp-block-column-is-layout-flow\">\n<p><strong>Huckenbeck, W., Gabriel P.<\/strong>&nbsp;(2013) Identifikation lebender Personen auf Bildern. Rechtsmedizin 23; 127-142<\/p>\n<\/div>\n<\/div>\n\n\n\n<div class=\"wp-block-columns is-layout-flex wp-container-core-columns-is-layout-9d6595d7 wp-block-columns-is-layout-flex\">\n<div class=\"wp-block-column is-layout-flow wp-block-column-is-layout-flow\">\n<p><strong>Huckenbeck W., Gabriel P., K\u00fcrpiers F.<\/strong>&nbsp;(2014) Identit\u00e4t lebender Personen anhand von Lichtbildern des Gesichts. Med. Sach. 1\/15: 5-11<\/p>\n<\/div>\n\n\n\n<div class=\"wp-block-column is-layout-flow wp-block-column-is-layout-flow\">\n<p><strong>Huckenbeck W., Gabriel P.<\/strong>&nbsp;(2015) Fahreridentifizierung anhand von Messphotos. In Madea B (Hrsg.) Rechtsmedizin; 773-777<\/p>\n<\/div>\n<\/div>\n\n\n\n<div class=\"wp-block-columns is-layout-flex wp-container-core-columns-is-layout-9d6595d7 wp-block-columns-is-layout-flex\">\n<div class=\"wp-block-column is-layout-flow wp-block-column-is-layout-flow\">\n<p><strong>Ohlrogge, S., Nohrden, D., Schmitt, R., Drabik, A., Gabriel, P, Ritz-Timme, S.<\/strong>&nbsp;(2008) Anthropologischer Atlas m\u00e4nnlicher Gesichtsmerkmale \u2013 Anthropological atlas of male facial features. Verlag der Polizeiwissenschaften<\/p>\n<\/div>\n\n\n\n<div class=\"wp-block-column is-layout-flow wp-block-column-is-layout-flow\">\n<p><strong>Ohlrogge, S., Arent, T., Huckenbeck, W., Gabriel, P., Ritz-Timme, S.<\/strong>&nbsp;(2009) Anthropologischer Atlas weiblicher Gesichtsmerkmale \u2013 Anthropological atlas of femal facial features. Verlag der Polizeiwissenschaften<\/p>\n<\/div>\n<\/div>\n\n\n\n<div class=\"wp-block-columns is-layout-flex wp-container-core-columns-is-layout-9d6595d7 wp-block-columns-is-layout-flex\">\n<div class=\"wp-block-column is-layout-flow wp-block-column-is-layout-flow\">\n<p><strong>R\u00f6sing F.W., Quarch M., Danner B.&nbsp;<\/strong>(2012) Zur Wahrscheinlichkeitsaussage im morphologischen Identit\u00e4tsgutachten. NStZ 32\/10, 548-54<\/p>\n<\/div>\n\n\n\n<div class=\"wp-block-column is-layout-flow wp-block-column-is-layout-flow\">\n<p><strong>R\u00f6sing F.W.<\/strong>&nbsp;(2013) Morphologische Identifikation von Personen. \u00a75 in Buck J, Krumbholz H, Hrsg. (2013) Sachverst\u00e4ndigenbeweis im Verkehrs- und Strafrecht. 2. Auf-lage, Nomos-Verlag, Baden-Baden.<\/p>\n<\/div>\n<\/div>\n\n\n\n<p><strong>R\u00f6sing F.W., Hirthammer B.J.&nbsp;<\/strong>(2014) Identifikation von Personen auf Bildern. \u00a779 in Widmaier et al., Hrsg. (2014) M\u00fcnchner Anwaltshandbuch Strafverteidigung, 2. Auf-lage, CH Beck, M\u00fcnchen<\/p>\n\n\n\n<div style=\"height:100px\" aria-hidden=\"true\" class=\"wp-block-spacer\"><\/div>\n\n\n\n<div class=\"wp-block-cover alignfull has-background-dim-60 has-neve-link-color-background-color has-background-dim\" style=\"min-height:350px;aspect-ratio:unset;\"><img loading=\"lazy\" decoding=\"async\" width=\"2560\" height=\"1707\" class=\"wp-block-cover__image-background wp-image-289\" alt=\"\" src=\"https:\/\/agib.www7-staging-ssl.hgcloud.de\/wp-content\/uploads\/2021\/08\/christin-hume-mfB1B1s4sMc-unsplash-scaled.jpg\" style=\"object-position:48% 47%\" data-object-fit=\"cover\" data-object-position=\"48% 47%\" srcset=\"https:\/\/agib.www7-staging-ssl.hgcloud.de\/wp-content\/uploads\/2021\/08\/christin-hume-mfB1B1s4sMc-unsplash-scaled.jpg 2560w, https:\/\/agib.www7-staging-ssl.hgcloud.de\/wp-content\/uploads\/2021\/08\/christin-hume-mfB1B1s4sMc-unsplash-300x200.jpg 300w, https:\/\/agib.www7-staging-ssl.hgcloud.de\/wp-content\/uploads\/2021\/08\/christin-hume-mfB1B1s4sMc-unsplash-1024x683.jpg 1024w, https:\/\/agib.www7-staging-ssl.hgcloud.de\/wp-content\/uploads\/2021\/08\/christin-hume-mfB1B1s4sMc-unsplash-768x512.jpg 768w, https:\/\/agib.www7-staging-ssl.hgcloud.de\/wp-content\/uploads\/2021\/08\/christin-hume-mfB1B1s4sMc-unsplash-1536x1024.jpg 1536w, https:\/\/agib.www7-staging-ssl.hgcloud.de\/wp-content\/uploads\/2021\/08\/christin-hume-mfB1B1s4sMc-unsplash-2048x1365.jpg 2048w, https:\/\/agib.www7-staging-ssl.hgcloud.de\/wp-content\/uploads\/2021\/08\/christin-hume-mfB1B1s4sMc-unsplash-930x620.jpg 930w\" sizes=\"auto, (max-width: 2560px) 100vw, 2560px\" \/><div class=\"wp-block-cover__inner-container is-layout-flow wp-block-cover-is-layout-flow\">\n<h2 class=\"has-text-align-center has-white-color has-text-color wp-block-heading\">Downloads<\/h2>\n\n\n\n<p><\/p>\n<\/div><\/div>\n\n\n\n<div style=\"height:60px\" aria-hidden=\"true\" class=\"wp-block-spacer\"><\/div>\n\n\n\n<p>Folgende Informationen haben wir f\u00fcr Sie hier zum direkten Download bereitgestellt:<\/p>\n\n\n\n<ul class=\"wp-block-list\"><li><a href=\"https:\/\/agib.www7-staging-ssl.hgcloud.de\/wp-content\/uploads\/2021\/08\/agib_standards_engl.pdf\" target=\"_blank\" rel=\"noreferrer noopener\">Standards der AGIB <\/a><\/li><li><a href=\"https:\/\/agib.www7-staging-ssl.hgcloud.de\/wp-content\/uploads\/2021\/08\/agib_standards_engl.pdf\" target=\"_blank\" rel=\"noreferrer noopener\">Standards der AGIB (english version)<\/a><\/li><\/ul>\n\n\n\n<p>Zur Darstellung ben\u00f6tigen Sie den Adobe Acrobat Reader &#8211; eine kostenlose Software, mit der Sie Dateien im PDF-Format auf allen g\u00e4ngigen Betriebssystemen und Hardware-Plattformen anzeigen und drucken k\u00f6nnen.<\/p>\n\n\n\n<p><a href=\"http:\/\/www.adobe.de\/\">www.adobe.de<\/a>&nbsp;&nbsp;&nbsp;&nbsp;&nbsp;<br><a rel=\"noreferrer noopener\" target=\"_blank\" href=\"http:\/\/www.adobe.de\/products\/acrobat\/readstep2.html\">Hier k\u00f6nnen Sie den Acrobat Reader kostenlos herunterladen<\/a><\/p>\n\n\n\n<div style=\"height:75px\" aria-hidden=\"true\" class=\"wp-block-spacer\"><\/div>\n\n\n\n<p><\/p>\n\n\n\n<div class=\"wp-block-cover alignfull has-nv-light-bg-background-color has-background-dim\" style=\"min-height:608px;aspect-ratio:unset;\"><div class=\"wp-block-cover__inner-container is-layout-flow wp-block-cover-is-layout-flow\">\n<h2 class=\"has-text-align-center has-neve-link-hover-color-color has-text-color wp-block-heading\">Weiterf\u00fchrende Links<\/h2>\n\n\n\n<div style=\"height:30px\" aria-hidden=\"true\" class=\"wp-block-spacer\"><\/div>\n\n\n\n<div class=\"wp-block-columns is-layout-flex wp-container-core-columns-is-layout-9d6595d7 wp-block-columns-is-layout-flex\">\n<div class=\"wp-block-column is-layout-flow wp-block-column-is-layout-flow\">\n<h4 class=\"has-text-align-center has-neve-link-color-color has-text-color wp-block-heading\">Bundeskriminalamt<\/h4>\n<\/div>\n\n\n\n<div class=\"wp-block-column is-layout-flow wp-block-column-is-layout-flow\">\n<h4 class=\"has-text-align-center has-neve-link-color-color has-text-color wp-block-heading\">Landeskriminalamt Sachsen<\/h4>\n\n\n\n<p><\/p>\n<\/div>\n\n\n\n<div class=\"wp-block-column is-layout-flow wp-block-column-is-layout-flow\">\n<h4 class=\"has-text-align-center wp-block-heading\"><a href=\"https:\/\/gfa-anthropologie.de\/\" data-type=\"URL\" data-id=\"https:\/\/gfa-anthropologie.de\/\" target=\"_blank\" rel=\"noreferrer noopener\">Gesellschaft f\u00fcr Anthropologie<\/a><\/h4>\n<\/div>\n\n\n\n<div class=\"wp-block-column is-layout-flow wp-block-column-is-layout-flow\">\n<h4 class=\"has-text-align-center wp-block-heading\"><a href=\"http:\/\/www.dgrm.de\" target=\"_blank\" rel=\"noreferrer noopener\">Gesellschaft f\u00fcr Rechtsmedizin<\/a><\/h4>\n<\/div>\n<\/div>\n\n\n\n<div class=\"wp-block-columns is-layout-flex wp-container-core-columns-is-layout-9d6595d7 wp-block-columns-is-layout-flex\">\n<div class=\"wp-block-column is-layout-flow wp-block-column-is-layout-flow\">\n<h4 class=\"has-text-align-center has-neve-link-color-color has-text-color wp-block-heading\">Institut f\u00fcr forensisches Sachverst\u00e4ndigenwesen<\/h4>\n\n\n\n<div class=\"wp-block-buttons is-layout-flex wp-block-buttons-is-layout-flex\"><\/div>\n<\/div>\n\n\n\n<div class=\"wp-block-column is-layout-flow wp-block-column-is-layout-flow\">\n<h4 class=\"has-text-align-center has-neve-link-color-color has-text-color wp-block-heading\">Institut f\u00fcr Forensische Anthropologie<\/h4>\n\n\n\n<p><\/p>\n<\/div>\n\n\n\n<div class=\"wp-block-column is-layout-flow wp-block-column-is-layout-flow\">\n<h4 class=\"has-text-align-center has-neve-link-color-color has-text-color wp-block-heading\">Praxis Forensische Anthropologie<\/h4>\n\n\n\n<p><\/p>\n<\/div>\n\n\n\n<div class=\"wp-block-column is-layout-flow wp-block-column-is-layout-flow\">\n<h4 class=\"has-text-align-center has-neve-link-color-color has-text-color wp-block-heading\">Institut f\u00fcr Forensische Anthropologie<\/h4>\n<\/div>\n<\/div>\n\n\n\n<div style=\"height:30px\" aria-hidden=\"true\" class=\"wp-block-spacer\"><\/div>\n\n\n\n<p class=\"has-text-align-center has-neve-link-color-color has-text-color\">F\u00fcr alle hier gezeigten Links gilt der Haftungsausschluss!<\/p>\n\n\n\n<div style=\"height:30px\" aria-hidden=\"true\" class=\"wp-block-spacer\"><\/div>\n\n\n\n<p><\/p>\n<\/div><\/div>\n","protected":false},"excerpt":{"rendered":"<p>Gabriel P, Huckenbeck W.&nbsp;(2013) Identification of the Living. In: Siegel J, Saucco P (eds) Encyclopedia of Forensic Sciences, 2nd edition; printbook Elsevier Gabriel P., Huckenbeck W., K\u00fcrpiers F.&nbsp;(2014) \u00dcber die Fragw\u00fcrdigkeit der Berechnung einer Identit\u00e4tswahrscheinlichkeit. NZV 8\/14: 337-348 Huckenbeck W., Krumm C.&nbsp;(2017) T\u00e4teridentifizierung durch Lichtbilder in der Verkehrsrechtlichen Praxis. NZV 10\/2017:453-458 Huckenbeck W., Gabriel P.&nbsp;(2012)&hellip;&nbsp;<a href=\"https:\/\/agib.www7-staging-ssl.hgcloud.de\/?page_id=205\" class=\"\" rel=\"bookmark\">Weiterlesen &raquo;<span class=\"screen-reader-text\">Informationen<\/span><\/a><\/p>\n","protected":false},"author":1,"featured_media":250,"parent":0,"menu_order":0,"comment_status":"closed","ping_status":"closed","template":"","meta":{"neve_meta_sidebar":"","neve_meta_container":"","neve_meta_enable_content_width":"on","neve_meta_content_width":100,"neve_meta_title_alignment":"","neve_meta_author_avatar":"","neve_post_elements_order":"","neve_meta_disable_header":"","neve_meta_disable_footer":"","neve_meta_disable_title":"on","footnotes":""},"class_list":["post-205","page","type-page","status-publish","has-post-thumbnail","hentry"],"_links":{"self":[{"href":"https:\/\/agib.www7-staging-ssl.hgcloud.de\/index.php?rest_route=\/wp\/v2\/pages\/205","targetHints":{"allow":["GET"]}}],"collection":[{"href":"https:\/\/agib.www7-staging-ssl.hgcloud.de\/index.php?rest_route=\/wp\/v2\/pages"}],"about":[{"href":"https:\/\/agib.www7-staging-ssl.hgcloud.de\/index.php?rest_route=\/wp\/v2\/types\/page"}],"author":[{"embeddable":true,"href":"https:\/\/agib.www7-staging-ssl.hgcloud.de\/index.php?rest_route=\/wp\/v2\/users\/1"}],"replies":[{"embeddable":true,"href":"https:\/\/agib.www7-staging-ssl.hgcloud.de\/index.php?rest_route=%2Fwp%2Fv2%2Fcomments&post=205"}],"version-history":[{"count":33,"href":"https:\/\/agib.www7-staging-ssl.hgcloud.de\/index.php?rest_route=\/wp\/v2\/pages\/205\/revisions"}],"predecessor-version":[{"id":701,"href":"https:\/\/agib.www7-staging-ssl.hgcloud.de\/index.php?rest_route=\/wp\/v2\/pages\/205\/revisions\/701"}],"wp:featuredmedia":[{"embeddable":true,"href":"https:\/\/agib.www7-staging-ssl.hgcloud.de\/index.php?rest_route=\/wp\/v2\/media\/250"}],"wp:attachment":[{"href":"https:\/\/agib.www7-staging-ssl.hgcloud.de\/index.php?rest_route=%2Fwp%2Fv2%2Fmedia&parent=205"}],"curies":[{"name":"wp","href":"https:\/\/api.w.org\/{rel}","templated":true}]}}