{"id":85,"date":"2021-08-26T14:04:08","date_gmt":"2021-08-26T12:04:08","guid":{"rendered":"https:\/\/agib.www7-staging-ssl.hgcloud.de\/?page_id=85"},"modified":"2021-09-20T16:07:07","modified_gmt":"2021-09-20T14:07:07","slug":"impressum","status":"publish","type":"page","link":"https:\/\/agib.www7-staging-ssl.hgcloud.de\/?page_id=85","title":{"rendered":"Impressum"},"content":{"rendered":"\n<p><strong>Verantwortungsbereich<\/strong> <\/p>\n\n\n\n<p>Impressum gilt nur f\u00fcr die Internetpr\u00e4senz unter der Adresse: www.bild-identifikation.de und www.bildidentifikation.de<br>Diensteanbieter: Arbeitsgruppe Identifikation nach Bildern<br><br><strong>Verantwortliche Ansprechperson:<br>Anschrift:<\/strong><br><strong>Zweck dieses Webprojektes:<\/strong> Informationen \u00fcber die AGIB &#8211; Arbeitsgruppe Identifikation nach Bildern<br><strong>Journalistisch-redaktionelle Verantwortung:<\/strong><\/p>\n\n\n\n<p>Gem\u00e4\u00df \u00a728 BDSG wird jeder kommerziellen Verwendung und Weitergabe dieser Daten widersprochen.<\/p>\n\n\n\n<p><strong>Abgrenzung: <\/strong>Die Web-Pr\u00e4senz ist Teil des WWW und dementsprechend mit fremden, sich jederzeit wandeln k\u00f6nnenden Web-Sites verkn\u00fcpft, die folglich auch nicht diesem Verantwortungsbereich unterliegen und f\u00fcr die nachfolgende Informationen nicht gelten. Dass die Links weder gegen Sitten noch Gesetze versto\u00dfen, wurde genau ein mal gepr\u00fcft: bevor sie hier aufgenommen wurden.<\/p>\n\n\n\n<p><strong>Urheberschutz und Nutzung: <\/strong>Der Urheber r\u00e4umt Ihnen ganz konkret das Nutzungsrecht ein, sich eine private Kopie f\u00fcr pers\u00f6nliche Zwecke anzufertigen. Nicht berechtigt sind Sie dagegen, die Materialien zu ver\u00e4ndern und \/oder weiter zu geben oder gar selbst zu ver\u00f6ffentlichen.<br>Wenn nicht ausdr\u00fccklich anders vermerkt, liegen die Urheberrechte f\u00fcr Texte und Grafiken bei der verantwortlichen Ansprechperson.<\/p>\n\n\n\n<p><strong>Keine Haftung:<\/strong> Die Inhalte dieses Webprojektes wurden sorgf\u00e4ltig gepr\u00fcft und nach bestem Wissen erstellt. Aber f\u00fcr die hier dargebotenen Informationen wird kein Anspruch auf Vollst\u00e4ndigkeit, Aktualit\u00e4t, Qualit\u00e4t und Richtigkeit erhoben. Es kann keine Verantwortung f\u00fcr Sch\u00e4den \u00fcbernommen werden, die durch das Vertrauen auf die Inhalte dieser Website oder deren Gebrauch entstehen.<\/p>\n\n\n\n<p><strong>Schutzrechtsverletzung: <\/strong>Falls Sie vermuten, dass von dieser Website aus eines Ihrer Schutzrechte verletzt wird, teilen Sie uns das bitte umgehend per E-Mail mit, damit z\u00fcgig Abhilfe geschafft werden kann. Bitte nehmen Sie zur Kenntnis: Die zeitaufw\u00e4ndigere Einschaltung eines Anwaltes zur f\u00fcr den Diensteanbieter kostenpflichtigen Abmahnung entspricht nicht dessen wirklichen oder mutma\u00dflichen Willen.<\/p>\n\n\n\n<p>Bei Fragen kontaktieren Sie bitte: <a href=\"mailto:info@foto-identifikation.de\">info@foto-identifikation.de<\/a><\/p>\n\n\n\n<div style=\"height:100px\" aria-hidden=\"true\" class=\"wp-block-spacer\"><\/div>\n\n\n\n<p><\/p>\n","protected":false},"excerpt":{"rendered":"<p>Verantwortungsbereich Impressum gilt nur f\u00fcr die Internetpr\u00e4senz unter der Adresse: www.bild-identifikation.de und www.bildidentifikation.deDiensteanbieter: Arbeitsgruppe Identifikation nach Bildern Verantwortliche Ansprechperson:Anschrift:Zweck dieses Webprojektes: Informationen \u00fcber die AGIB &#8211; Arbeitsgruppe Identifikation nach BildernJournalistisch-redaktionelle Verantwortung: Gem\u00e4\u00df \u00a728 BDSG wird jeder kommerziellen Verwendung und Weitergabe dieser Daten widersprochen. Abgrenzung: Die Web-Pr\u00e4senz ist Teil des WWW und dementsprechend mit fremden, sich&hellip;&nbsp;<a href=\"https:\/\/agib.www7-staging-ssl.hgcloud.de\/?page_id=85\" class=\"\" rel=\"bookmark\">Weiterlesen &raquo;<span class=\"screen-reader-text\">Impressum<\/span><\/a><\/p>\n","protected":false},"author":1,"featured_media":93,"parent":0,"menu_order":0,"comment_status":"closed","ping_status":"closed","template":"","meta":{"neve_meta_sidebar":"","neve_meta_container":"","neve_meta_enable_content_width":"","neve_meta_content_width":0,"neve_meta_title_alignment":"","neve_meta_author_avatar":"","neve_post_elements_order":"","neve_meta_disable_header":"","neve_meta_disable_footer":"","neve_meta_disable_title":"","footnotes":""},"class_list":["post-85","page","type-page","status-publish","has-post-thumbnail","hentry"],"_links":{"self":[{"href":"https:\/\/agib.www7-staging-ssl.hgcloud.de\/index.php?rest_route=\/wp\/v2\/pages\/85","targetHints":{"allow":["GET"]}}],"collection":[{"href":"https:\/\/agib.www7-staging-ssl.hgcloud.de\/index.php?rest_route=\/wp\/v2\/pages"}],"about":[{"href":"https:\/\/agib.www7-staging-ssl.hgcloud.de\/index.php?rest_route=\/wp\/v2\/types\/page"}],"author":[{"embeddable":true,"href":"https:\/\/agib.www7-staging-ssl.hgcloud.de\/index.php?rest_route=\/wp\/v2\/users\/1"}],"replies":[{"embeddable":true,"href":"https:\/\/agib.www7-staging-ssl.hgcloud.de\/index.php?rest_route=%2Fwp%2Fv2%2Fcomments&post=85"}],"version-history":[{"count":8,"href":"https:\/\/agib.www7-staging-ssl.hgcloud.de\/index.php?rest_route=\/wp\/v2\/pages\/85\/revisions"}],"predecessor-version":[{"id":455,"href":"https:\/\/agib.www7-staging-ssl.hgcloud.de\/index.php?rest_route=\/wp\/v2\/pages\/85\/revisions\/455"}],"wp:featuredmedia":[{"embeddable":true,"href":"https:\/\/agib.www7-staging-ssl.hgcloud.de\/index.php?rest_route=\/wp\/v2\/media\/93"}],"wp:attachment":[{"href":"https:\/\/agib.www7-staging-ssl.hgcloud.de\/index.php?rest_route=%2Fwp%2Fv2%2Fmedia&parent=85"}],"curies":[{"name":"wp","href":"https:\/\/api.w.org\/{rel}","templated":true}]}}